{"id":9876,"date":"2024-10-01T08:01:09","date_gmt":"2024-10-01T08:01:09","guid":{"rendered":"https:\/\/webtest.federperiti.net\/?page_id=9876"},"modified":"2026-02-20T09:48:11","modified_gmt":"2026-02-20T09:48:11","slug":"videoperizia","status":"publish","type":"page","link":"https:\/\/www.federperiti.net\/?page_id=9876","title":{"rendered":"Videoperizia"},"content":{"rendered":"<div class=\"wpb-content-wrapper\"><p>[vc_row full_width=&#8221;stretch_row&#8221; css=&#8221;.vc_custom_1747143442206{margin-bottom: 50px !important;background-image: url(https:\/\/www.federperiti.net\/wp-content\/uploads\/2025\/05\/videoperizia-def.png?id=10219) !important;}&#8221;][vc_column][vc_empty_space height=&#8221;100px&#8221;][vc_custom_heading text=&#8221;Videoperizia&#8221; font_container=&#8221;tag:h1|text_align:center|color:%23ffffff&#8221; use_theme_fonts=&#8221;yes&#8221; css=&#8221;&#8221;][vc_empty_space height=&#8221;150px&#8221;][\/vc_column][\/vc_row][vc_row css=&#8221;.vc_custom_1685436763163{margin-top: 0px !important;margin-bottom: 35px !important;background-position: center !important;background-repeat: no-repeat !important;background-size: cover !important;}&#8221; el_class=&#8221;width100&#8243;][vc_column width=&#8221;1\/2&#8243;][vc_empty_space height=&#8221;35px&#8221;][vc_custom_heading text=&#8221;Il futuro a portata di mano&#8221; font_container=&#8221;tag:h2|font_size:40|text_align:left|line_height:49px&#8221; use_theme_fonts=&#8221;yes&#8221; css=&#8221;.vc_custom_1737388028029{margin-bottom: 5px !important;}&#8221;][vc_empty_space height=&#8221;30px&#8221;][vc_column_text css=&#8221;&#8221;]Un moderno e veloce servizio di perizia ed eventuale pronta liquidazione, eseguibile tramite videochiamata, senza necessit\u00e0 di far scaricare un&#8217;applicazione dedicata all\u2019utenza.<\/p>\n<p>Per mezzo di una semplice connessione da remoto, il danneggiato verr\u00e0 guidato da un Perito di <strong>FSI<\/strong> al fine di poter eseguire una videoregistrazione e delle fotografie geolocalizzate del danno.<\/p>\n<p>I vantaggi di tale avanzatissima tecnologia,\u00a0<strong>\u201cPerizia Smart\u201d<\/strong>, sono rappresentati dalla riduzione dei tempi di gestione della perizia, dalla soddisfazione del rapporto cliente danneggiato\/assicurato, dalla razionalizzazione delle modalit\u00e0 di accesso presso i luoghi dove si \u00e8 verificato il danno, nonch\u00e9 dalla diretta presa visione dello stesso e dalla garanzia di un\u2019operativit\u00e0 costante, che rassicura e tranquillizza il danneggiato.<\/p>\n<p>Oltre ai vantaggi della riduzione dei tempi nella gestione del processo liquidativo, il sistema \u00e8 stato pensato con lo scopo di coinvolgere direttamente l\u2019<strong>Assicurato Danneggiato\u00a0<\/strong>nella procedura peritale e liquidativa, il quale, attraverso il semplice utilizzo di uno strumento oramai indispensabile nella vita quotidiana, lo smartphone, potr\u00e0 interfacciarsi direttamente con il Perito, che lo informer\u00e0 e lo rassicurer\u00e0 durante l\u2019intero iter del processo gestionale, rendendolo protagonista attivo, anzich\u00e9 fruitore passivo ed inconsapevole della procedura di liquidazione del suo danno.<\/p>\n<p>Tali attivit\u00e0 forniscono all\u2019Assicurato ed alla Compagnia Assicurativa, risultati molto soddisfacenti sia in termini di gestione del sinistro, sia come ritorno di feed back da parte dell\u2019Assicurato, il quale essendo parte dell\u2019intero processo, si sente seguito e maggiormente tutelato dalla sua Compagnia Assicurativa.[\/vc_column_text][vc_empty_space height=&#8221;30px&#8221;][vc_empty_space height=&#8221;40px&#8221;][\/vc_column][vc_column width=&#8221;1\/2&#8243; css=&#8221;.vc_custom_1605685529227{padding-left: 75px !important;}&#8221; el_class=&#8221;ab2-right&#8221;][vc_column_text css=&#8221;&#8221;]<img loading=\"lazy\" decoding=\"async\" class=\"aligncenter wp-image-10221 size-full\" src=\"https:\/\/www.federperiti.net\/wp-content\/uploads\/2025\/05\/videoperizia-pagina-def.png\" alt=\"\" width=\"1036\" height=\"1077\" srcset=\"https:\/\/www.federperiti.net\/wp-content\/uploads\/2025\/05\/videoperizia-pagina-def.png 1036w, https:\/\/www.federperiti.net\/wp-content\/uploads\/2025\/05\/videoperizia-pagina-def-289x300.png 289w, https:\/\/www.federperiti.net\/wp-content\/uploads\/2025\/05\/videoperizia-pagina-def-985x1024.png 985w, https:\/\/www.federperiti.net\/wp-content\/uploads\/2025\/05\/videoperizia-pagina-def-768x798.png 768w\" sizes=\"auto, (max-width: 1036px) 100vw, 1036px\" \/>[\/vc_column_text][\/vc_column][\/vc_row][vc_row full_width=&#8221;stretch_row&#8221; css=&#8221;.vc_custom_1685436658835{margin-bottom: 10px !important;padding-top: 40px !important;padding-bottom: 170px !important;background-image: url(https:\/\/webtest.federperiti.net\/wp-content\/uploads\/2023\/05\/Main-test_bg.jpg?id=8843) !important;}&#8221; el_class=&#8221;missing-member&#8221;][vc_column][vc_custom_heading text=&#8221;Vantaggi per entrambe le parti&#8221; font_container=&#8221;tag:h2|font_size:35|text_align:center|color:%23222222|line_height:41px&#8221; use_theme_fonts=&#8221;yes&#8221; css=&#8221;&#8221;][vc_empty_space height=&#8221;30px&#8221;][vc_row_inner css=&#8221;.vc_custom_1737388113492{padding-right: 10% !important;padding-left: 10% !important;}&#8221;][vc_column_inner width=&#8221;1\/2&#8243;][vc_column_text css=&#8221;&#8221;]<strong>Assicurazione<\/strong><\/p>\n<ul>\n<li>Meno persone coinvolte nel processo<\/li>\n<li>Riduzione dei tempi di liquidazione<\/li>\n<li>Interazione diretta con il danneggiato<\/li>\n<li>Minori costi di gestione del processo<\/li>\n<li>Fidelizzazione del cliente<\/li>\n<\/ul>\n<p>[\/vc_column_text][\/vc_column_inner][vc_column_inner width=&#8221;1\/2&#8243;][vc_column_text css=&#8221;&#8221;]<strong>Assicurato \/ Danneggiato<\/strong><\/p>\n<ul>\n<li>Partecipazione diretta al processo di liquidazione<\/li>\n<li>Informazione sullo stato della pratica<\/li>\n<li>Consapevolezza del danno reale subito<\/li>\n<li>Riduzione dei tempi di indennizzo<\/li>\n<li>Rassicurazione ed imprintg di una maggior tutela da parte della Compagnia Assicurativa<\/li>\n<\/ul>\n<p>[\/vc_column_text][\/vc_column_inner][\/vc_row_inner][\/vc_column][\/vc_row]<\/p>\n<\/div>","protected":false},"excerpt":{"rendered":"<p>[vc_row full_width=&#8221;stretch_row&#8221; css=&#8221;.vc_custom_1747143442206{margin-bottom: 50px !important;background-image: url(https:\/\/www.federperiti.net\/wp-content\/uploads\/2025\/05\/videoperizia-def.png?id=10219) !important;}&#8221;][vc_column][vc_empty_space height=&#8221;100px&#8221;][vc_custom_heading text=&#8221;Videoperizia&#8221; font_container=&#8221;tag:h1|text_align:center|color:%23ffffff&#8221; use_theme_fonts=&#8221;yes&#8221; css=&#8221;&#8221;][vc_empty_space height=&#8221;150px&#8221;][\/vc_column][\/vc_row][vc_row css=&#8221;.vc_custom_1685436763163{margin-top: 0px !important;margin-bottom: 35px !important;background-position: center !important;background-repeat: no-repeat !important;background-size: cover !important;}&#8221; el_class=&#8221;width100&#8243;][vc_column width=&#8221;1\/2&#8243;][vc_empty_space height=&#8221;35px&#8221;][vc_custom_heading text=&#8221;Il futuro a portata di mano&#8221; font_container=&#8221;tag:h2|font_size:40|text_align:left|line_height:49px&#8221; use_theme_fonts=&#8221;yes&#8221; css=&#8221;.vc_custom_1737388028029{margin-bottom: 5px !important;}&#8221;][vc_empty_space height=&#8221;30px&#8221;][vc_column_text css=&#8221;&#8221;]Un moderno e veloce servizio di perizia ed eventuale pronta liquidazione, eseguibile tramite videochiamata, senza necessit\u00e0 [&hellip;]<\/p>\n","protected":false},"author":1,"featured_media":0,"parent":0,"menu_order":0,"comment_status":"closed","ping_status":"closed","template":"","meta":{"footnotes":""},"class_list":["post-9876","page","type-page","status-publish","hentry"],"yoast_head":"<!-- This site is optimized with the Yoast SEO plugin v27.3 - https:\/\/yoast.com\/product\/yoast-seo-wordpress\/ -->\n<title>Videoperizia - Federperiti<\/title>\n<meta name=\"robots\" content=\"index, follow, max-snippet:-1, max-image-preview:large, max-video-preview:-1\" \/>\n<link rel=\"canonical\" href=\"https:\/\/www.federperiti.net\/?page_id=9876\" \/>\n<meta property=\"og:locale\" content=\"it_IT\" \/>\n<meta property=\"og:type\" content=\"article\" \/>\n<meta property=\"og:title\" content=\"Videoperizia - Federperiti\" \/>\n<meta property=\"og:description\" content=\"[vc_row full_width=&#8221;stretch_row&#8221; css=&#8221;.vc_custom_1747143442206{margin-bottom: 50px !important;background-image: url(https:\/\/www.federperiti.net\/wp-content\/uploads\/2025\/05\/videoperizia-def.png?id=10219) !important;}&#8221;][vc_column][vc_empty_space height=&#8221;100px&#8221;][vc_custom_heading text=&#8221;Videoperizia&#8221; font_container=&#8221;tag:h1|text_align:center|color:%23ffffff&#8221; use_theme_fonts=&#8221;yes&#8221; css=&#8221;&#8221;][vc_empty_space height=&#8221;150px&#8221;][\/vc_column][\/vc_row][vc_row css=&#8221;.vc_custom_1685436763163{margin-top: 0px !important;margin-bottom: 35px !important;background-position: center !important;background-repeat: no-repeat !important;background-size: cover !important;}&#8221; el_class=&#8221;width100&#8243;][vc_column width=&#8221;1\/2&#8243;][vc_empty_space height=&#8221;35px&#8221;][vc_custom_heading text=&#8221;Il futuro a portata di mano&#8221; font_container=&#8221;tag:h2|font_size:40|text_align:left|line_height:49px&#8221; use_theme_fonts=&#8221;yes&#8221; css=&#8221;.vc_custom_1737388028029{margin-bottom: 5px !important;}&#8221;][vc_empty_space height=&#8221;30px&#8221;][vc_column_text css=&#8221;&#8221;]Un moderno e veloce servizio di perizia ed eventuale pronta liquidazione, eseguibile tramite videochiamata, senza necessit\u00e0 [&hellip;]\" \/>\n<meta property=\"og:url\" content=\"https:\/\/www.federperiti.net\/?page_id=9876\" \/>\n<meta property=\"og:site_name\" content=\"Federperiti\" \/>\n<meta property=\"article:modified_time\" content=\"2026-02-20T09:48:11+00:00\" \/>\n<meta property=\"og:image\" content=\"https:\/\/www.federperiti.net\/wp-content\/uploads\/2025\/05\/videoperizia-pagina-def.png\" \/>\n\t<meta property=\"og:image:width\" content=\"1036\" \/>\n\t<meta property=\"og:image:height\" content=\"1077\" \/>\n\t<meta property=\"og:image:type\" content=\"image\/png\" \/>\n<meta name=\"twitter:card\" content=\"summary_large_image\" \/>\n<meta name=\"twitter:label1\" content=\"Tempo di lettura stimato\" \/>\n\t<meta name=\"twitter:data1\" content=\"3 minuti\" \/>\n<script type=\"application\/ld+json\" class=\"yoast-schema-graph\">{\"@context\":\"https:\\\/\\\/schema.org\",\"@graph\":[{\"@type\":\"WebPage\",\"@id\":\"https:\\\/\\\/www.federperiti.net\\\/?page_id=9876\",\"url\":\"https:\\\/\\\/www.federperiti.net\\\/?page_id=9876\",\"name\":\"Videoperizia - Federperiti\",\"isPartOf\":{\"@id\":\"https:\\\/\\\/www.federperiti.net\\\/#website\"},\"primaryImageOfPage\":{\"@id\":\"https:\\\/\\\/www.federperiti.net\\\/?page_id=9876#primaryimage\"},\"image\":{\"@id\":\"https:\\\/\\\/www.federperiti.net\\\/?page_id=9876#primaryimage\"},\"thumbnailUrl\":\"https:\\\/\\\/www.federperiti.net\\\/wp-content\\\/uploads\\\/2025\\\/05\\\/videoperizia-pagina-def.png\",\"datePublished\":\"2024-10-01T08:01:09+00:00\",\"dateModified\":\"2026-02-20T09:48:11+00:00\",\"breadcrumb\":{\"@id\":\"https:\\\/\\\/www.federperiti.net\\\/?page_id=9876#breadcrumb\"},\"inLanguage\":\"it-IT\",\"potentialAction\":[{\"@type\":\"ReadAction\",\"target\":[\"https:\\\/\\\/www.federperiti.net\\\/?page_id=9876\"]}]},{\"@type\":\"ImageObject\",\"inLanguage\":\"it-IT\",\"@id\":\"https:\\\/\\\/www.federperiti.net\\\/?page_id=9876#primaryimage\",\"url\":\"https:\\\/\\\/www.federperiti.net\\\/wp-content\\\/uploads\\\/2025\\\/05\\\/videoperizia-pagina-def.png\",\"contentUrl\":\"https:\\\/\\\/www.federperiti.net\\\/wp-content\\\/uploads\\\/2025\\\/05\\\/videoperizia-pagina-def.png\",\"width\":1036,\"height\":1077},{\"@type\":\"BreadcrumbList\",\"@id\":\"https:\\\/\\\/www.federperiti.net\\\/?page_id=9876#breadcrumb\",\"itemListElement\":[{\"@type\":\"ListItem\",\"position\":1,\"name\":\"Home\",\"item\":\"https:\\\/\\\/www.federperiti.net\\\/\"},{\"@type\":\"ListItem\",\"position\":2,\"name\":\"Videoperizia\"}]},{\"@type\":\"WebSite\",\"@id\":\"https:\\\/\\\/www.federperiti.net\\\/#website\",\"url\":\"https:\\\/\\\/www.federperiti.net\\\/\",\"name\":\"Federperiti\",\"description\":\"\",\"potentialAction\":[{\"@type\":\"SearchAction\",\"target\":{\"@type\":\"EntryPoint\",\"urlTemplate\":\"https:\\\/\\\/www.federperiti.net\\\/?s={search_term_string}\"},\"query-input\":{\"@type\":\"PropertyValueSpecification\",\"valueRequired\":true,\"valueName\":\"search_term_string\"}}],\"inLanguage\":\"it-IT\"}]}<\/script>\n<!-- \/ Yoast SEO plugin. -->","yoast_head_json":{"title":"Videoperizia - Federperiti","robots":{"index":"index","follow":"follow","max-snippet":"max-snippet:-1","max-image-preview":"max-image-preview:large","max-video-preview":"max-video-preview:-1"},"canonical":"https:\/\/www.federperiti.net\/?page_id=9876","og_locale":"it_IT","og_type":"article","og_title":"Videoperizia - Federperiti","og_description":"[vc_row full_width=&#8221;stretch_row&#8221; css=&#8221;.vc_custom_1747143442206{margin-bottom: 50px !important;background-image: url(https:\/\/www.federperiti.net\/wp-content\/uploads\/2025\/05\/videoperizia-def.png?id=10219) !important;}&#8221;][vc_column][vc_empty_space height=&#8221;100px&#8221;][vc_custom_heading text=&#8221;Videoperizia&#8221; font_container=&#8221;tag:h1|text_align:center|color:%23ffffff&#8221; use_theme_fonts=&#8221;yes&#8221; css=&#8221;&#8221;][vc_empty_space height=&#8221;150px&#8221;][\/vc_column][\/vc_row][vc_row css=&#8221;.vc_custom_1685436763163{margin-top: 0px !important;margin-bottom: 35px !important;background-position: center !important;background-repeat: no-repeat !important;background-size: cover !important;}&#8221; el_class=&#8221;width100&#8243;][vc_column width=&#8221;1\/2&#8243;][vc_empty_space height=&#8221;35px&#8221;][vc_custom_heading text=&#8221;Il futuro a portata di mano&#8221; font_container=&#8221;tag:h2|font_size:40|text_align:left|line_height:49px&#8221; use_theme_fonts=&#8221;yes&#8221; css=&#8221;.vc_custom_1737388028029{margin-bottom: 5px !important;}&#8221;][vc_empty_space height=&#8221;30px&#8221;][vc_column_text css=&#8221;&#8221;]Un moderno e veloce servizio di perizia ed eventuale pronta liquidazione, eseguibile tramite videochiamata, senza necessit\u00e0 [&hellip;]","og_url":"https:\/\/www.federperiti.net\/?page_id=9876","og_site_name":"Federperiti","article_modified_time":"2026-02-20T09:48:11+00:00","og_image":[{"width":1036,"height":1077,"url":"https:\/\/www.federperiti.net\/wp-content\/uploads\/2025\/05\/videoperizia-pagina-def.png","type":"image\/png"}],"twitter_card":"summary_large_image","twitter_misc":{"Tempo di lettura stimato":"3 minuti"},"schema":{"@context":"https:\/\/schema.org","@graph":[{"@type":"WebPage","@id":"https:\/\/www.federperiti.net\/?page_id=9876","url":"https:\/\/www.federperiti.net\/?page_id=9876","name":"Videoperizia - Federperiti","isPartOf":{"@id":"https:\/\/www.federperiti.net\/#website"},"primaryImageOfPage":{"@id":"https:\/\/www.federperiti.net\/?page_id=9876#primaryimage"},"image":{"@id":"https:\/\/www.federperiti.net\/?page_id=9876#primaryimage"},"thumbnailUrl":"https:\/\/www.federperiti.net\/wp-content\/uploads\/2025\/05\/videoperizia-pagina-def.png","datePublished":"2024-10-01T08:01:09+00:00","dateModified":"2026-02-20T09:48:11+00:00","breadcrumb":{"@id":"https:\/\/www.federperiti.net\/?page_id=9876#breadcrumb"},"inLanguage":"it-IT","potentialAction":[{"@type":"ReadAction","target":["https:\/\/www.federperiti.net\/?page_id=9876"]}]},{"@type":"ImageObject","inLanguage":"it-IT","@id":"https:\/\/www.federperiti.net\/?page_id=9876#primaryimage","url":"https:\/\/www.federperiti.net\/wp-content\/uploads\/2025\/05\/videoperizia-pagina-def.png","contentUrl":"https:\/\/www.federperiti.net\/wp-content\/uploads\/2025\/05\/videoperizia-pagina-def.png","width":1036,"height":1077},{"@type":"BreadcrumbList","@id":"https:\/\/www.federperiti.net\/?page_id=9876#breadcrumb","itemListElement":[{"@type":"ListItem","position":1,"name":"Home","item":"https:\/\/www.federperiti.net\/"},{"@type":"ListItem","position":2,"name":"Videoperizia"}]},{"@type":"WebSite","@id":"https:\/\/www.federperiti.net\/#website","url":"https:\/\/www.federperiti.net\/","name":"Federperiti","description":"","potentialAction":[{"@type":"SearchAction","target":{"@type":"EntryPoint","urlTemplate":"https:\/\/www.federperiti.net\/?s={search_term_string}"},"query-input":{"@type":"PropertyValueSpecification","valueRequired":true,"valueName":"search_term_string"}}],"inLanguage":"it-IT"}]}},"_links":{"self":[{"href":"https:\/\/www.federperiti.net\/index.php?rest_route=\/wp\/v2\/pages\/9876","targetHints":{"allow":["GET"]}}],"collection":[{"href":"https:\/\/www.federperiti.net\/index.php?rest_route=\/wp\/v2\/pages"}],"about":[{"href":"https:\/\/www.federperiti.net\/index.php?rest_route=\/wp\/v2\/types\/page"}],"author":[{"embeddable":true,"href":"https:\/\/www.federperiti.net\/index.php?rest_route=\/wp\/v2\/users\/1"}],"replies":[{"embeddable":true,"href":"https:\/\/www.federperiti.net\/index.php?rest_route=%2Fwp%2Fv2%2Fcomments&post=9876"}],"version-history":[{"count":8,"href":"https:\/\/www.federperiti.net\/index.php?rest_route=\/wp\/v2\/pages\/9876\/revisions"}],"predecessor-version":[{"id":10222,"href":"https:\/\/www.federperiti.net\/index.php?rest_route=\/wp\/v2\/pages\/9876\/revisions\/10222"}],"wp:attachment":[{"href":"https:\/\/www.federperiti.net\/index.php?rest_route=%2Fwp%2Fv2%2Fmedia&parent=9876"}],"curies":[{"name":"wp","href":"https:\/\/api.w.org\/{rel}","templated":true}]}}