{"id":4986,"date":"2019-08-12T12:40:15","date_gmt":"2019-08-12T12:40:15","guid":{"rendered":"https:\/\/faimos.modeltheme.com\/?page_id=4986"},"modified":"2026-02-20T09:45:47","modified_gmt":"2026-02-20T09:45:47","slug":"chi-siamo","status":"publish","type":"page","link":"https:\/\/www.federperiti.net\/?page_id=4986","title":{"rendered":"Chi Siamo"},"content":{"rendered":"<div class=\"wpb-content-wrapper\"><p>[vc_row full_width=&#8221;stretch_row&#8221; css=&#8221;.vc_custom_1732896109879{margin-bottom: 50px !important;background-image: url(https:\/\/webtest.federperiti.net\/wp-content\/uploads\/2024\/11\/head-chi-siamo.png?id=10019) !important;}&#8221;][vc_column][vc_empty_space height=&#8221;100px&#8221;][vc_custom_heading text=&#8221;Federperiti&#8221; font_container=&#8221;tag:h1|text_align:center|color:%23ffffff&#8221; use_theme_fonts=&#8221;yes&#8221; css=&#8221;&#8221;][vc_empty_space height=&#8221;150px&#8221;][\/vc_column][\/vc_row][vc_row css=&#8221;.vc_custom_1685436763163{margin-top: 0px !important;margin-bottom: 35px !important;background-position: center !important;background-repeat: no-repeat !important;background-size: cover !important;}&#8221; el_class=&#8221;width100&#8243;][vc_column width=&#8221;1\/2&#8243;][vc_empty_space height=&#8221;35px&#8221;][vc_custom_heading text=&#8221;Chi Siamo&#8221; font_container=&#8221;tag:h2|font_size:40|text_align:left|line_height:49px&#8221; use_theme_fonts=&#8221;yes&#8221; css=&#8221;.vc_custom_1732896120876{margin-bottom: 5px !important;}&#8221;][vc_empty_space height=&#8221;30px&#8221;][vc_column_text css=&#8221;&#8221;]<\/p>\n<div class=\"wpb_text_column wpb_content_element\">\n<div class=\"wpb_wrapper\">\n<p>Federperiti una federazione di Associazioni provinciali, interprovinciali e regionali di periti assicurativi e danni, di Tecnici <span class=\"il\">per<\/span> la ricostruzione e l\u2019analisi degli incidenti stradali (TRAIS), di specifici tecnici in materia di rami Elementari (RE), accertatori ed investigatori ed esperti specializzati e certificati in veicoli d\u2019epoca e di interesse storico e collezionistico (EVE) ovvero di esperti e professioni che interagiscono con il mondo del danno a cose e dei mezzi di trasporto<\/p>\n<\/div>\n<\/div>\n<p>[\/vc_column_text][vc_empty_space height=&#8221;30px&#8221;]\n  <div class=\"mt-addons_button_holder text-left btn-round  mt-addons_button--theme_default\">\n    <a \n      data-text-color=\"#ffffff\" \n      data-text-color-hover=\"#ffffff\" \n      data-bg=\"#1878f2\" \n      data-bg-hover=\"#000000\" \n      target=\"\" \n      rel=\"\"\n      href=\"https:\/\/www.federperiti.net\/?page_id=9937\" \n      class=\"mt-addons_button mt-addons-btn-lg\" \n       \n      style=\"\n        font-size: 16px;\n        font-weight: 600;\n        background-color: #1878f2;\n        color: #ffffff;\n        border: ;\n        box-shadow: ; -webkit-box-shadow: ; \n        margin: ;\n        padding: 12px 25px 12px 25px;\n\n      \">\n      Associazioni aderenti    <\/a>\n  <\/div>\n\n  [vc_empty_space height=&#8221;40px&#8221;][vc_row_inner css=&#8221;.vc_custom_1605185226465{margin-right: 0px !important;margin-left: 0px !important;border-top-width: 1px !important;border-top-color: #dddddd !important;border-top-style: solid !important;}&#8221;][vc_column_inner width=&#8221;1\/4&#8243; css=&#8221;.vc_custom_1605185232352{padding-top: 25px !important;}&#8221;][vc_column_text css=&#8221;&#8221;]<\/p>\n<p>&nbsp;<\/p>\n<p style=\"text-align: left;\"><img loading=\"lazy\" decoding=\"async\" class=\"alignnone wp-image-10023\" src=\"https:\/\/www.federperiti.net\/wp-content\/uploads\/2024\/11\/federp.png\" alt=\"\" width=\"250\" height=\"250\" srcset=\"https:\/\/www.federperiti.net\/wp-content\/uploads\/2024\/11\/federp.png 250w, https:\/\/www.federperiti.net\/wp-content\/uploads\/2024\/11\/federp-150x150.png 150w, https:\/\/www.federperiti.net\/wp-content\/uploads\/2024\/11\/federp-70x70.png 70w, https:\/\/www.federperiti.net\/wp-content\/uploads\/2024\/11\/federp-100x100.png 100w, https:\/\/www.federperiti.net\/wp-content\/uploads\/2024\/11\/federp-110x110.png 110w\" sizes=\"auto, (max-width: 250px) 100vw, 250px\" \/><\/p>\n<p>[\/vc_column_text][\/vc_column_inner][vc_column_inner width=&#8221;3\/4&#8243; css=&#8221;.vc_custom_1605185237588{padding-top: 25px !important;}&#8221;][vc_column_text css=&#8221;.vc_custom_1732896523479{margin-bottom: 21px !important;padding-top: 20px !important;}&#8221;]<\/p>\n<p style=\"text-align: left; font-size: 20px; line-height: 24px;\"><strong>La struttura<\/strong><\/p>\n<p>[\/vc_column_text][vc_column_text css=&#8221;&#8221;]<\/p>\n<p style=\"text-align: left;\">La Federazione, organizzazione senza scopi di lucro, ha costituito 1 Societ\u00e0 che opera sul mercato del mondo dell&#8217;auto e del danno.<br \/>\nLa Federazione \u00e8 di propriet\u00e0 delle Associazioni e le stesse di propriet\u00e0 dei rispettivi iscritti, dunque una forma moderna di cooperativa tra iscritti.<\/p>\n<p>[\/vc_column_text][\/vc_column_inner][\/vc_row_inner][\/vc_column][vc_column width=&#8221;1\/2&#8243; css=&#8221;.vc_custom_1605685529227{padding-left: 75px !important;}&#8221; el_class=&#8221;ab2-right&#8221;][vc_column_text css=&#8221;&#8221;]<img loading=\"lazy\" decoding=\"async\" class=\"alignnone wp-image-10014\" src=\"https:\/\/www.federperiti.net\/wp-content\/uploads\/2024\/11\/Main-slider_img2-289x300.png\" alt=\"\" width=\"1037\" height=\"1076\" srcset=\"https:\/\/www.federperiti.net\/wp-content\/uploads\/2024\/11\/Main-slider_img2-289x300.png 289w, https:\/\/www.federperiti.net\/wp-content\/uploads\/2024\/11\/Main-slider_img2-768x798.png 768w\" sizes=\"auto, (max-width: 1037px) 100vw, 1037px\" \/>[\/vc_column_text][\/vc_column][\/vc_row]<\/p>\n<\/div>","protected":false},"excerpt":{"rendered":"<p>[vc_row full_width=&#8221;stretch_row&#8221; css=&#8221;.vc_custom_1732896109879{margin-bottom: 50px !important;background-image: url(https:\/\/webtest.federperiti.net\/wp-content\/uploads\/2024\/11\/head-chi-siamo.png?id=10019) !important;}&#8221;][vc_column][vc_empty_space height=&#8221;100px&#8221;][vc_custom_heading text=&#8221;Federperiti&#8221; font_container=&#8221;tag:h1|text_align:center|color:%23ffffff&#8221; use_theme_fonts=&#8221;yes&#8221; css=&#8221;&#8221;][vc_empty_space height=&#8221;150px&#8221;][\/vc_column][\/vc_row][vc_row css=&#8221;.vc_custom_1685436763163{margin-top: 0px !important;margin-bottom: 35px !important;background-position: center !important;background-repeat: no-repeat !important;background-size: cover !important;}&#8221; el_class=&#8221;width100&#8243;][vc_column width=&#8221;1\/2&#8243;][vc_empty_space height=&#8221;35px&#8221;][vc_custom_heading text=&#8221;Chi Siamo&#8221; font_container=&#8221;tag:h2|font_size:40|text_align:left|line_height:49px&#8221; use_theme_fonts=&#8221;yes&#8221; css=&#8221;.vc_custom_1732896120876{margin-bottom: 5px !important;}&#8221;][vc_empty_space height=&#8221;30px&#8221;][vc_column_text css=&#8221;&#8221;] Federperiti una federazione di Associazioni provinciali, interprovinciali e regionali di periti assicurativi e danni, di Tecnici per la ricostruzione [&hellip;]<\/p>\n","protected":false},"author":1,"featured_media":0,"parent":0,"menu_order":0,"comment_status":"closed","ping_status":"closed","template":"","meta":{"footnotes":""},"class_list":["post-4986","page","type-page","status-publish","hentry"],"yoast_head":"<!-- This site is optimized with the Yoast SEO plugin v27.3 - https:\/\/yoast.com\/product\/yoast-seo-wordpress\/ -->\n<title>Chi Siamo - Federperiti<\/title>\n<meta name=\"robots\" content=\"index, follow, max-snippet:-1, max-image-preview:large, max-video-preview:-1\" \/>\n<link rel=\"canonical\" href=\"https:\/\/www.federperiti.net\/?page_id=4986\" \/>\n<meta property=\"og:locale\" content=\"it_IT\" \/>\n<meta property=\"og:type\" content=\"article\" \/>\n<meta property=\"og:title\" content=\"Chi Siamo - Federperiti\" \/>\n<meta property=\"og:description\" content=\"[vc_row full_width=&#8221;stretch_row&#8221; css=&#8221;.vc_custom_1732896109879{margin-bottom: 50px !important;background-image: url(https:\/\/webtest.federperiti.net\/wp-content\/uploads\/2024\/11\/head-chi-siamo.png?id=10019) !important;}&#8221;][vc_column][vc_empty_space height=&#8221;100px&#8221;][vc_custom_heading text=&#8221;Federperiti&#8221; font_container=&#8221;tag:h1|text_align:center|color:%23ffffff&#8221; use_theme_fonts=&#8221;yes&#8221; css=&#8221;&#8221;][vc_empty_space height=&#8221;150px&#8221;][\/vc_column][\/vc_row][vc_row css=&#8221;.vc_custom_1685436763163{margin-top: 0px !important;margin-bottom: 35px !important;background-position: center !important;background-repeat: no-repeat !important;background-size: cover !important;}&#8221; el_class=&#8221;width100&#8243;][vc_column width=&#8221;1\/2&#8243;][vc_empty_space height=&#8221;35px&#8221;][vc_custom_heading text=&#8221;Chi Siamo&#8221; font_container=&#8221;tag:h2|font_size:40|text_align:left|line_height:49px&#8221; use_theme_fonts=&#8221;yes&#8221; css=&#8221;.vc_custom_1732896120876{margin-bottom: 5px !important;}&#8221;][vc_empty_space height=&#8221;30px&#8221;][vc_column_text css=&#8221;&#8221;] Federperiti una federazione di Associazioni provinciali, interprovinciali e regionali di periti assicurativi e danni, di Tecnici per la ricostruzione [&hellip;]\" \/>\n<meta property=\"og:url\" content=\"https:\/\/www.federperiti.net\/?page_id=4986\" \/>\n<meta property=\"og:site_name\" content=\"Federperiti\" \/>\n<meta property=\"article:modified_time\" content=\"2026-02-20T09:45:47+00:00\" \/>\n<meta property=\"og:image\" content=\"https:\/\/www.federperiti.net\/wp-content\/uploads\/2024\/11\/federp.png\" \/>\n\t<meta property=\"og:image:width\" content=\"250\" \/>\n\t<meta property=\"og:image:height\" content=\"250\" \/>\n\t<meta property=\"og:image:type\" content=\"image\/png\" \/>\n<meta name=\"twitter:card\" content=\"summary_large_image\" \/>\n<meta name=\"twitter:label1\" content=\"Tempo di lettura stimato\" \/>\n\t<meta name=\"twitter:data1\" content=\"2 minuti\" \/>\n<script type=\"application\/ld+json\" class=\"yoast-schema-graph\">{\"@context\":\"https:\\\/\\\/schema.org\",\"@graph\":[{\"@type\":\"WebPage\",\"@id\":\"https:\\\/\\\/www.federperiti.net\\\/?page_id=4986\",\"url\":\"https:\\\/\\\/www.federperiti.net\\\/?page_id=4986\",\"name\":\"Chi Siamo - Federperiti\",\"isPartOf\":{\"@id\":\"https:\\\/\\\/www.federperiti.net\\\/#website\"},\"primaryImageOfPage\":{\"@id\":\"https:\\\/\\\/www.federperiti.net\\\/?page_id=4986#primaryimage\"},\"image\":{\"@id\":\"https:\\\/\\\/www.federperiti.net\\\/?page_id=4986#primaryimage\"},\"thumbnailUrl\":\"https:\\\/\\\/www.federperiti.net\\\/wp-content\\\/uploads\\\/2024\\\/11\\\/federp.png\",\"datePublished\":\"2019-08-12T12:40:15+00:00\",\"dateModified\":\"2026-02-20T09:45:47+00:00\",\"breadcrumb\":{\"@id\":\"https:\\\/\\\/www.federperiti.net\\\/?page_id=4986#breadcrumb\"},\"inLanguage\":\"it-IT\",\"potentialAction\":[{\"@type\":\"ReadAction\",\"target\":[\"https:\\\/\\\/www.federperiti.net\\\/?page_id=4986\"]}]},{\"@type\":\"ImageObject\",\"inLanguage\":\"it-IT\",\"@id\":\"https:\\\/\\\/www.federperiti.net\\\/?page_id=4986#primaryimage\",\"url\":\"https:\\\/\\\/www.federperiti.net\\\/wp-content\\\/uploads\\\/2024\\\/11\\\/federp.png\",\"contentUrl\":\"https:\\\/\\\/www.federperiti.net\\\/wp-content\\\/uploads\\\/2024\\\/11\\\/federp.png\",\"width\":250,\"height\":250},{\"@type\":\"BreadcrumbList\",\"@id\":\"https:\\\/\\\/www.federperiti.net\\\/?page_id=4986#breadcrumb\",\"itemListElement\":[{\"@type\":\"ListItem\",\"position\":1,\"name\":\"Home\",\"item\":\"https:\\\/\\\/www.federperiti.net\\\/\"},{\"@type\":\"ListItem\",\"position\":2,\"name\":\"Chi Siamo\"}]},{\"@type\":\"WebSite\",\"@id\":\"https:\\\/\\\/www.federperiti.net\\\/#website\",\"url\":\"https:\\\/\\\/www.federperiti.net\\\/\",\"name\":\"Federperiti\",\"description\":\"\",\"potentialAction\":[{\"@type\":\"SearchAction\",\"target\":{\"@type\":\"EntryPoint\",\"urlTemplate\":\"https:\\\/\\\/www.federperiti.net\\\/?s={search_term_string}\"},\"query-input\":{\"@type\":\"PropertyValueSpecification\",\"valueRequired\":true,\"valueName\":\"search_term_string\"}}],\"inLanguage\":\"it-IT\"}]}<\/script>\n<!-- \/ Yoast SEO plugin. -->","yoast_head_json":{"title":"Chi Siamo - Federperiti","robots":{"index":"index","follow":"follow","max-snippet":"max-snippet:-1","max-image-preview":"max-image-preview:large","max-video-preview":"max-video-preview:-1"},"canonical":"https:\/\/www.federperiti.net\/?page_id=4986","og_locale":"it_IT","og_type":"article","og_title":"Chi Siamo - Federperiti","og_description":"[vc_row full_width=&#8221;stretch_row&#8221; css=&#8221;.vc_custom_1732896109879{margin-bottom: 50px !important;background-image: url(https:\/\/webtest.federperiti.net\/wp-content\/uploads\/2024\/11\/head-chi-siamo.png?id=10019) !important;}&#8221;][vc_column][vc_empty_space height=&#8221;100px&#8221;][vc_custom_heading text=&#8221;Federperiti&#8221; font_container=&#8221;tag:h1|text_align:center|color:%23ffffff&#8221; use_theme_fonts=&#8221;yes&#8221; css=&#8221;&#8221;][vc_empty_space height=&#8221;150px&#8221;][\/vc_column][\/vc_row][vc_row css=&#8221;.vc_custom_1685436763163{margin-top: 0px !important;margin-bottom: 35px !important;background-position: center !important;background-repeat: no-repeat !important;background-size: cover !important;}&#8221; el_class=&#8221;width100&#8243;][vc_column width=&#8221;1\/2&#8243;][vc_empty_space height=&#8221;35px&#8221;][vc_custom_heading text=&#8221;Chi Siamo&#8221; font_container=&#8221;tag:h2|font_size:40|text_align:left|line_height:49px&#8221; use_theme_fonts=&#8221;yes&#8221; css=&#8221;.vc_custom_1732896120876{margin-bottom: 5px !important;}&#8221;][vc_empty_space height=&#8221;30px&#8221;][vc_column_text css=&#8221;&#8221;] Federperiti una federazione di Associazioni provinciali, interprovinciali e regionali di periti assicurativi e danni, di Tecnici per la ricostruzione [&hellip;]","og_url":"https:\/\/www.federperiti.net\/?page_id=4986","og_site_name":"Federperiti","article_modified_time":"2026-02-20T09:45:47+00:00","og_image":[{"width":250,"height":250,"url":"https:\/\/www.federperiti.net\/wp-content\/uploads\/2024\/11\/federp.png","type":"image\/png"}],"twitter_card":"summary_large_image","twitter_misc":{"Tempo di lettura stimato":"2 minuti"},"schema":{"@context":"https:\/\/schema.org","@graph":[{"@type":"WebPage","@id":"https:\/\/www.federperiti.net\/?page_id=4986","url":"https:\/\/www.federperiti.net\/?page_id=4986","name":"Chi Siamo - Federperiti","isPartOf":{"@id":"https:\/\/www.federperiti.net\/#website"},"primaryImageOfPage":{"@id":"https:\/\/www.federperiti.net\/?page_id=4986#primaryimage"},"image":{"@id":"https:\/\/www.federperiti.net\/?page_id=4986#primaryimage"},"thumbnailUrl":"https:\/\/www.federperiti.net\/wp-content\/uploads\/2024\/11\/federp.png","datePublished":"2019-08-12T12:40:15+00:00","dateModified":"2026-02-20T09:45:47+00:00","breadcrumb":{"@id":"https:\/\/www.federperiti.net\/?page_id=4986#breadcrumb"},"inLanguage":"it-IT","potentialAction":[{"@type":"ReadAction","target":["https:\/\/www.federperiti.net\/?page_id=4986"]}]},{"@type":"ImageObject","inLanguage":"it-IT","@id":"https:\/\/www.federperiti.net\/?page_id=4986#primaryimage","url":"https:\/\/www.federperiti.net\/wp-content\/uploads\/2024\/11\/federp.png","contentUrl":"https:\/\/www.federperiti.net\/wp-content\/uploads\/2024\/11\/federp.png","width":250,"height":250},{"@type":"BreadcrumbList","@id":"https:\/\/www.federperiti.net\/?page_id=4986#breadcrumb","itemListElement":[{"@type":"ListItem","position":1,"name":"Home","item":"https:\/\/www.federperiti.net\/"},{"@type":"ListItem","position":2,"name":"Chi Siamo"}]},{"@type":"WebSite","@id":"https:\/\/www.federperiti.net\/#website","url":"https:\/\/www.federperiti.net\/","name":"Federperiti","description":"","potentialAction":[{"@type":"SearchAction","target":{"@type":"EntryPoint","urlTemplate":"https:\/\/www.federperiti.net\/?s={search_term_string}"},"query-input":{"@type":"PropertyValueSpecification","valueRequired":true,"valueName":"search_term_string"}}],"inLanguage":"it-IT"}]}},"_links":{"self":[{"href":"https:\/\/www.federperiti.net\/index.php?rest_route=\/wp\/v2\/pages\/4986","targetHints":{"allow":["GET"]}}],"collection":[{"href":"https:\/\/www.federperiti.net\/index.php?rest_route=\/wp\/v2\/pages"}],"about":[{"href":"https:\/\/www.federperiti.net\/index.php?rest_route=\/wp\/v2\/types\/page"}],"author":[{"embeddable":true,"href":"https:\/\/www.federperiti.net\/index.php?rest_route=\/wp\/v2\/users\/1"}],"replies":[{"embeddable":true,"href":"https:\/\/www.federperiti.net\/index.php?rest_route=%2Fwp%2Fv2%2Fcomments&post=4986"}],"version-history":[{"count":14,"href":"https:\/\/www.federperiti.net\/index.php?rest_route=\/wp\/v2\/pages\/4986\/revisions"}],"predecessor-version":[{"id":10829,"href":"https:\/\/www.federperiti.net\/index.php?rest_route=\/wp\/v2\/pages\/4986\/revisions\/10829"}],"wp:attachment":[{"href":"https:\/\/www.federperiti.net\/index.php?rest_route=%2Fwp%2Fv2%2Fmedia&parent=4986"}],"curies":[{"name":"wp","href":"https:\/\/api.w.org\/{rel}","templated":true}]}}