{"id":10763,"date":"2026-02-17T10:57:25","date_gmt":"2026-02-17T10:57:25","guid":{"rendered":"https:\/\/www.federperiti.net\/?page_id=10763"},"modified":"2026-02-20T10:03:41","modified_gmt":"2026-02-20T10:03:41","slug":"leditoria","status":"publish","type":"page","link":"https:\/\/www.federperiti.net\/?page_id=10763","title":{"rendered":"L&#8217;Editoria"},"content":{"rendered":"<div class=\"wpb-content-wrapper\"><p>[vc_row][vc_column][vc_column_text css=&#8221;&#8221;]<\/p>\n<h2 style=\"text-align: center;\"><strong>L&#8217;EDITORIA<\/strong><\/h2>\n<p>&nbsp;<\/p>\n<p style=\"text-align: center;\"><img loading=\"lazy\" decoding=\"async\" class=\"alignnone wp-image-10839 size-full\" src=\"https:\/\/www.federperiti.net\/wp-content\/uploads\/2026\/02\/books.png\" alt=\"\" width=\"84\" height=\"71\" \/><\/p>\n<p style=\"text-align: center;\">LE NOSTRE PUBBLICAZIONI<br \/>\nContattaci per riceverne una copia o per saperne di pi\u00f9.<\/p>\n<p>&nbsp;<\/p>\n<p style=\"text-align: center;\">Adolfo Orsi<br \/>\n<strong>L&#8217;Automobile da Collezione<\/strong><br \/>\nEsame delle Caratteristiche Peculiari di questo settore ai fini peritali<\/p>\n<p>&nbsp;<\/p>\n<p><img loading=\"lazy\" decoding=\"async\" class=\"aligncenter wp-image-10840 size-full\" src=\"https:\/\/www.federperiti.net\/wp-content\/uploads\/2026\/02\/ed_pub1_cop.png\" alt=\"\" width=\"204\" height=\"150\" srcset=\"https:\/\/www.federperiti.net\/wp-content\/uploads\/2026\/02\/ed_pub1_cop.png 204w, https:\/\/www.federperiti.net\/wp-content\/uploads\/2026\/02\/ed_pub1_cop-100x75.png 100w\" sizes=\"auto, (max-width: 204px) 100vw, 204px\" \/><\/p>\n<p>&nbsp;<\/p>\n<p>[\/vc_column_text][vc_tta_accordion active_section=&#8221;1&#8243;][vc_tta_section tab_id=&#8221;1771326190028-33c6e93a-d196&#8243; title=&#8221;PREFAZIONE&#8221;][vc_column_text css=&#8221;&#8221;]Dieci anni fa uno sparuto gruppo di motivati, ma entusiasti colleghi ha dato vita a FEDERPERITI nella speranza e nel tentativo di fornire un contributo per un futuro migliore ai giovani che avrebbero intrapreso la professione del &#8220;perito assicurativo&#8221; ed un giusto riconoscimento al lavoro di una vita ai maturi &#8220;neo professionisti&#8221;.<\/p>\n<p>Questa professione che nasce, si sviluppa e si evolve parallelamente al mondo dell&#8217;auto, ha avuto alterni periodi sia di soddisfazione che di involuzione, che infine di evoluzione.<\/p>\n<p>Nasce per entusiasmo di pochi e si sviluppa e si evolve con il contributo di molti &#8220;pionieri&#8221;.<\/p>\n<p>Nel tempo anche la sua definizione letterale, non sostanziale, resta indeterminata ed indefinita e, purtroppo, tuttora impropria.<\/p>\n<p>Da perito in infortunistica stradale ad esperto a PERITO ASSICURATIVO secondo l&#8217;ultima versione legislativa.<\/p>\n<p>Definizione che riteniamo impropria, che trae in inganno l&#8217;utente, il cittadino, l&#8217;automobilista, il consumatore e genera equivoci, ma purtroppo tale \u00e8 e tale resta.<\/p>\n<p>Per anni si \u00e8 lottato per quello che impropriamente e genericamente si indicava come il &#8220;riconoscimento giuridico&#8221; e quando, arrivato con la L.166\/92, molti hanno visto nel provvedimento legislativo il coronamento di un sogno.<\/p>\n<p>Purtroppo i conti con la realt\u00e0 del mondo del danno e delle assicurazioni, sono stati molto pi\u00f9 problematici dell&#8217;auspicato, causa anche dell&#8217;immaturit\u00e0 di alcuni, dell&#8217;egoismo di altri, della poca lungimiranza di altri ancora.<\/p>\n<p>Con la L. 166\/92 si sperava che questa &#8220;nuova&#8221; categoria professionale assumesse un assetto, un corpo definitivo, definitivo e stabile, ma lo squilibrio delle forze in campo, la &#8220;leggerezza&#8221; di alcuni e la &#8220;pesantezza&#8221; di altri non hanno ancora consentito di dare completa attuazione ai dispositivi legislativi, ai diritti dei periti, al giusto riconoscimento della loro dignit\u00e0 professionale ed economica.<\/p>\n<p>Da parte nostra ci siamo sempre battuti perch\u00e8 il &#8220;perito assicurativo&#8221; fosse considerato prima &#8220;un professionista&#8221; e poi &#8221; un lavoratore&#8221;.<\/p>\n<p>Altri, \u00e8 la triste realt\u00e0 quotidiana, ci hanno combattuto, contrastato ed in parte contraddetto, ma per noi resta e rester\u00e0 un assunto di carattere fondamentale, ovvero IL PERITO ASSICURATIVO E&#8217; UN PROFESSIONISTA DEL MONDO DEL DANNO.<\/p>\n<p>Analogamente resta e rester\u00e0 fondamentale il legame del &#8220;perito assicurativo&#8221; al mondo dell&#8217;auto, al mondo delle assicurazioni, al mondo del danno, nonostante l&#8217;evoluzione del mercato e delle sue inviolabili e mai scritte vigenti leggi.<\/p>\n<p>Per celebrare quindi degnamente il nostro decennio e senza mai dimenticare che fin dalla costituzione di FEDERPERITI abbiamo scelto come simbolo la vettura che risulta essere la pietra miliare dell&#8217;evoluzione dei trasporti e dell&#8217;auto ovvero la Ford Modello T, abbiamo pensato che il modo migliore fosse quello di contribuire a mantenere in vita i ricordi, la storia, la nostra storia, la storia dell&#8217;auto.<\/p>\n<p>Quindi dalla carrellata sulla nascita dell&#8217;automobile ai corretti modi di conservare i preziosi ricordi che ci sono rimasti, ai casi concreti.<\/p>\n<p>Per nostra fortuna e grazie alla collaborazione di Davide Borghi, uno dei pi\u00f9 giovani &#8220;affezionati&#8221; a FEDERPERITI, abbiamo acquisito la disponibilit\u00e0 di un &#8220;personaggio&#8221;, mi si consenta di cos\u00ec definirlo, che per poterlo compiutamente e puntualmente descrivere nelle sue apprezzate ed incommensurabili capacit\u00e0 professionali, nella profonda conoscenza della materia, non possono bastare queste poche righe, questo piccolo volume, questo piccolo contributo.<\/p>\n<p>Adolfo ORSI \u00e8 unico e FEDERPERITI pu\u00f2 fregiarsi della sua amicizia e della sua cortese e disinteressata collaborazione e grazie a questo &#8220;speciale&#8221; ed &#8220;unico&#8221; rapporto, \u00e8 nata questa, lasciatemi dire con punta d&#8217;orgoglio, pi\u00f9 che bella pubblicazione, che riporta il testo della conferenza tenuta a Roma il 22 Giugno 2002 in occasione dell&#8217;Annuale Assemblea nazionale.<\/p>\n<p>Questo pregevole lavoro consente e consentir\u00e0, anche ai meno esperti, di incominciare a concretamente &#8220;capire&#8221; cosa voglia dire l&#8217;automobile da collezione, cosa voglia dire &#8220;conservare&#8221; un&#8217;automobile da collezione, cosa voglia dire &#8220;riparare&#8221; un&#8217;automobile da collezione.<\/p>\n<p>Questo contributo vuole essere un serio ed approfondito apporto a quello che la legge L.166\/92 definisce &#8220;aggiornamento professionale&#8221; e che per noi risulta essere anche un aggiornamento ed approfondimento culturale.-<\/p>\n<p>Aggiornamento che comunque e sia chiaro, non compete ad altri se non a noi, agli esperti, ai periti esperti, alla categoria, ai migliori.<\/p>\n<p>Questo lavoro infine vuol essere il nostro modo di celebrare e quindi di dimostrare profondo rispetto per la storia, per la storia dell&#8217;auto, per la storia del perito assicurativo, per la nostra storia, per la storia di FEDERPERITI.<\/p>\n<p><em><strong>Filippo Zaffarana<\/strong><\/em>[\/vc_column_text][\/vc_tta_section][\/vc_tta_accordion][\/vc_column][\/vc_row]<\/p>\n<\/div>","protected":false},"excerpt":{"rendered":"<p>[vc_row][vc_column][vc_column_text css=&#8221;&#8221;] L&#8217;EDITORIA &nbsp; LE NOSTRE PUBBLICAZIONI Contattaci per riceverne una copia o per saperne di pi\u00f9. &nbsp; Adolfo Orsi L&#8217;Automobile da Collezione Esame delle Caratteristiche Peculiari di questo settore ai fini peritali &nbsp; &nbsp; [\/vc_column_text][vc_tta_accordion active_section=&#8221;1&#8243;][vc_tta_section tab_id=&#8221;1771326190028-33c6e93a-d196&#8243; title=&#8221;PREFAZIONE&#8221;][vc_column_text css=&#8221;&#8221;]Dieci anni fa uno sparuto gruppo di motivati, ma entusiasti colleghi ha dato vita a FEDERPERITI [&hellip;]<\/p>\n","protected":false},"author":3,"featured_media":0,"parent":0,"menu_order":0,"comment_status":"closed","ping_status":"closed","template":"","meta":{"footnotes":""},"class_list":["post-10763","page","type-page","status-publish","hentry"],"yoast_head":"<!-- This site is optimized with the Yoast SEO plugin v27.3 - https:\/\/yoast.com\/product\/yoast-seo-wordpress\/ -->\n<title>L&#039;Editoria - Federperiti<\/title>\n<meta name=\"robots\" content=\"index, follow, max-snippet:-1, max-image-preview:large, max-video-preview:-1\" \/>\n<link rel=\"canonical\" href=\"https:\/\/www.federperiti.net\/?page_id=10763\" \/>\n<meta property=\"og:locale\" content=\"it_IT\" \/>\n<meta property=\"og:type\" content=\"article\" \/>\n<meta property=\"og:title\" content=\"L&#039;Editoria - Federperiti\" \/>\n<meta property=\"og:description\" content=\"[vc_row][vc_column][vc_column_text css=&#8221;&#8221;] L&#8217;EDITORIA &nbsp; LE NOSTRE PUBBLICAZIONI Contattaci per riceverne una copia o per saperne di pi\u00f9. &nbsp; Adolfo Orsi L&#8217;Automobile da Collezione Esame delle Caratteristiche Peculiari di questo settore ai fini peritali &nbsp; &nbsp; [\/vc_column_text][vc_tta_accordion active_section=&#8221;1&#8243;][vc_tta_section tab_id=&#8221;1771326190028-33c6e93a-d196&#8243; title=&#8221;PREFAZIONE&#8221;][vc_column_text css=&#8221;&#8221;]Dieci anni fa uno sparuto gruppo di motivati, ma entusiasti colleghi ha dato vita a FEDERPERITI [&hellip;]\" \/>\n<meta property=\"og:url\" content=\"https:\/\/www.federperiti.net\/?page_id=10763\" \/>\n<meta property=\"og:site_name\" content=\"Federperiti\" \/>\n<meta property=\"article:modified_time\" content=\"2026-02-20T10:03:41+00:00\" \/>\n<meta property=\"og:image\" content=\"https:\/\/www.federperiti.net\/wp-content\/uploads\/2026\/02\/books.png\" \/>\n\t<meta property=\"og:image:width\" content=\"84\" \/>\n\t<meta property=\"og:image:height\" content=\"71\" \/>\n\t<meta property=\"og:image:type\" content=\"image\/png\" \/>\n<meta name=\"twitter:card\" content=\"summary_large_image\" \/>\n<meta name=\"twitter:label1\" content=\"Tempo di lettura stimato\" \/>\n\t<meta name=\"twitter:data1\" content=\"5 minuti\" \/>\n<script type=\"application\/ld+json\" class=\"yoast-schema-graph\">{\"@context\":\"https:\\\/\\\/schema.org\",\"@graph\":[{\"@type\":\"WebPage\",\"@id\":\"https:\\\/\\\/www.federperiti.net\\\/?page_id=10763\",\"url\":\"https:\\\/\\\/www.federperiti.net\\\/?page_id=10763\",\"name\":\"L'Editoria - Federperiti\",\"isPartOf\":{\"@id\":\"https:\\\/\\\/www.federperiti.net\\\/#website\"},\"primaryImageOfPage\":{\"@id\":\"https:\\\/\\\/www.federperiti.net\\\/?page_id=10763#primaryimage\"},\"image\":{\"@id\":\"https:\\\/\\\/www.federperiti.net\\\/?page_id=10763#primaryimage\"},\"thumbnailUrl\":\"https:\\\/\\\/www.federperiti.net\\\/wp-content\\\/uploads\\\/2026\\\/02\\\/books.png\",\"datePublished\":\"2026-02-17T10:57:25+00:00\",\"dateModified\":\"2026-02-20T10:03:41+00:00\",\"breadcrumb\":{\"@id\":\"https:\\\/\\\/www.federperiti.net\\\/?page_id=10763#breadcrumb\"},\"inLanguage\":\"it-IT\",\"potentialAction\":[{\"@type\":\"ReadAction\",\"target\":[\"https:\\\/\\\/www.federperiti.net\\\/?page_id=10763\"]}]},{\"@type\":\"ImageObject\",\"inLanguage\":\"it-IT\",\"@id\":\"https:\\\/\\\/www.federperiti.net\\\/?page_id=10763#primaryimage\",\"url\":\"https:\\\/\\\/www.federperiti.net\\\/wp-content\\\/uploads\\\/2026\\\/02\\\/books.png\",\"contentUrl\":\"https:\\\/\\\/www.federperiti.net\\\/wp-content\\\/uploads\\\/2026\\\/02\\\/books.png\",\"width\":84,\"height\":71},{\"@type\":\"BreadcrumbList\",\"@id\":\"https:\\\/\\\/www.federperiti.net\\\/?page_id=10763#breadcrumb\",\"itemListElement\":[{\"@type\":\"ListItem\",\"position\":1,\"name\":\"Home\",\"item\":\"https:\\\/\\\/www.federperiti.net\\\/\"},{\"@type\":\"ListItem\",\"position\":2,\"name\":\"L&#8217;Editoria\"}]},{\"@type\":\"WebSite\",\"@id\":\"https:\\\/\\\/www.federperiti.net\\\/#website\",\"url\":\"https:\\\/\\\/www.federperiti.net\\\/\",\"name\":\"Federperiti\",\"description\":\"\",\"potentialAction\":[{\"@type\":\"SearchAction\",\"target\":{\"@type\":\"EntryPoint\",\"urlTemplate\":\"https:\\\/\\\/www.federperiti.net\\\/?s={search_term_string}\"},\"query-input\":{\"@type\":\"PropertyValueSpecification\",\"valueRequired\":true,\"valueName\":\"search_term_string\"}}],\"inLanguage\":\"it-IT\"}]}<\/script>\n<!-- \/ Yoast SEO plugin. -->","yoast_head_json":{"title":"L'Editoria - Federperiti","robots":{"index":"index","follow":"follow","max-snippet":"max-snippet:-1","max-image-preview":"max-image-preview:large","max-video-preview":"max-video-preview:-1"},"canonical":"https:\/\/www.federperiti.net\/?page_id=10763","og_locale":"it_IT","og_type":"article","og_title":"L'Editoria - Federperiti","og_description":"[vc_row][vc_column][vc_column_text css=&#8221;&#8221;] L&#8217;EDITORIA &nbsp; LE NOSTRE PUBBLICAZIONI Contattaci per riceverne una copia o per saperne di pi\u00f9. &nbsp; Adolfo Orsi L&#8217;Automobile da Collezione Esame delle Caratteristiche Peculiari di questo settore ai fini peritali &nbsp; &nbsp; [\/vc_column_text][vc_tta_accordion active_section=&#8221;1&#8243;][vc_tta_section tab_id=&#8221;1771326190028-33c6e93a-d196&#8243; title=&#8221;PREFAZIONE&#8221;][vc_column_text css=&#8221;&#8221;]Dieci anni fa uno sparuto gruppo di motivati, ma entusiasti colleghi ha dato vita a FEDERPERITI [&hellip;]","og_url":"https:\/\/www.federperiti.net\/?page_id=10763","og_site_name":"Federperiti","article_modified_time":"2026-02-20T10:03:41+00:00","og_image":[{"width":84,"height":71,"url":"https:\/\/www.federperiti.net\/wp-content\/uploads\/2026\/02\/books.png","type":"image\/png"}],"twitter_card":"summary_large_image","twitter_misc":{"Tempo di lettura stimato":"5 minuti"},"schema":{"@context":"https:\/\/schema.org","@graph":[{"@type":"WebPage","@id":"https:\/\/www.federperiti.net\/?page_id=10763","url":"https:\/\/www.federperiti.net\/?page_id=10763","name":"L'Editoria - Federperiti","isPartOf":{"@id":"https:\/\/www.federperiti.net\/#website"},"primaryImageOfPage":{"@id":"https:\/\/www.federperiti.net\/?page_id=10763#primaryimage"},"image":{"@id":"https:\/\/www.federperiti.net\/?page_id=10763#primaryimage"},"thumbnailUrl":"https:\/\/www.federperiti.net\/wp-content\/uploads\/2026\/02\/books.png","datePublished":"2026-02-17T10:57:25+00:00","dateModified":"2026-02-20T10:03:41+00:00","breadcrumb":{"@id":"https:\/\/www.federperiti.net\/?page_id=10763#breadcrumb"},"inLanguage":"it-IT","potentialAction":[{"@type":"ReadAction","target":["https:\/\/www.federperiti.net\/?page_id=10763"]}]},{"@type":"ImageObject","inLanguage":"it-IT","@id":"https:\/\/www.federperiti.net\/?page_id=10763#primaryimage","url":"https:\/\/www.federperiti.net\/wp-content\/uploads\/2026\/02\/books.png","contentUrl":"https:\/\/www.federperiti.net\/wp-content\/uploads\/2026\/02\/books.png","width":84,"height":71},{"@type":"BreadcrumbList","@id":"https:\/\/www.federperiti.net\/?page_id=10763#breadcrumb","itemListElement":[{"@type":"ListItem","position":1,"name":"Home","item":"https:\/\/www.federperiti.net\/"},{"@type":"ListItem","position":2,"name":"L&#8217;Editoria"}]},{"@type":"WebSite","@id":"https:\/\/www.federperiti.net\/#website","url":"https:\/\/www.federperiti.net\/","name":"Federperiti","description":"","potentialAction":[{"@type":"SearchAction","target":{"@type":"EntryPoint","urlTemplate":"https:\/\/www.federperiti.net\/?s={search_term_string}"},"query-input":{"@type":"PropertyValueSpecification","valueRequired":true,"valueName":"search_term_string"}}],"inLanguage":"it-IT"}]}},"_links":{"self":[{"href":"https:\/\/www.federperiti.net\/index.php?rest_route=\/wp\/v2\/pages\/10763","targetHints":{"allow":["GET"]}}],"collection":[{"href":"https:\/\/www.federperiti.net\/index.php?rest_route=\/wp\/v2\/pages"}],"about":[{"href":"https:\/\/www.federperiti.net\/index.php?rest_route=\/wp\/v2\/types\/page"}],"author":[{"embeddable":true,"href":"https:\/\/www.federperiti.net\/index.php?rest_route=\/wp\/v2\/users\/3"}],"replies":[{"embeddable":true,"href":"https:\/\/www.federperiti.net\/index.php?rest_route=%2Fwp%2Fv2%2Fcomments&post=10763"}],"version-history":[{"count":10,"href":"https:\/\/www.federperiti.net\/index.php?rest_route=\/wp\/v2\/pages\/10763\/revisions"}],"predecessor-version":[{"id":10842,"href":"https:\/\/www.federperiti.net\/index.php?rest_route=\/wp\/v2\/pages\/10763\/revisions\/10842"}],"wp:attachment":[{"href":"https:\/\/www.federperiti.net\/index.php?rest_route=%2Fwp%2Fv2%2Fmedia&parent=10763"}],"curies":[{"name":"wp","href":"https:\/\/api.w.org\/{rel}","templated":true}]}}