{"id":10749,"date":"2026-02-17T10:26:03","date_gmt":"2026-02-17T10:26:03","guid":{"rendered":"https:\/\/www.federperiti.net\/?page_id=10749"},"modified":"2026-02-17T10:30:18","modified_gmt":"2026-02-17T10:30:18","slug":"f-a-q","status":"publish","type":"page","link":"https:\/\/www.federperiti.net\/?page_id=10749","title":{"rendered":"F.A.Q"},"content":{"rendered":"<h3 style=\"text-align: center;\"><strong>F.A.Q.<\/strong><\/h3>\n<p>&nbsp;<\/p>\n<p><strong>A cosa serve la perizia\/valutazione?<\/strong><br \/>\nLa valutazione serve a certificare il corretto valore commerciale del veicolo, questo \u00e8 una valenza assicurativa (preassunzione, sinistri ecc) fiscale e legale.<\/p>\n<p><strong>La perizia \u00e8 un certificato sull&#8217;originalit\u00e0 della vettura?<\/strong><br \/>\nNo la valutazione non certifica l&#8217;originalit\u00e0 ma lo stato della vettura ed il suo valore<\/p>\n<p><strong>Chi sono gli esperti che valutano i veicoli?<\/strong><br \/>\nGli esperti sono professionisti che hanno frequentato il percorso EVE e sono diplomati, alcuni certificati da AICQSICEV.<\/p>\n<p><strong>Copertura territoriale?<\/strong><br \/>\nTutta Italia compreso San Marino e Stato del Vaticano.<\/p>\n<p><strong>Differenza tra Valutazione light e Expertise?<\/strong><br \/>\nLe Valutazioni light sono pensate principalmente per i fini assicurativi, \u00e8 una relazione con gli aspetti essenziali del veicolo, questa relazione viene avvalorata da un esperto facente parte il Comitato Scientifico. L&#8217;Expertise si addentra in molti pi\u00f9 aspetti della vettura, dando anche elementi per ricostruire originalit\u00e0, stato di conservazione ecc&#8230;questa relazione viene avvalorata dal Comitato Scientifico al completo.<\/p>\n<p><strong>Durata?<\/strong><br \/>\nLa Valutazione Light ha valenza 1 anno dalla data della chiusura della relazione, la Expertise 2 anni.<\/p>\n<p><strong>Rinnovo e costo?<\/strong><br \/>\nLa struttura invier\u00e0 una comunicazione ricordando la scadenza della perizia, il costo del rinnovo, se non vi sono cambiamenti (stato del veicolo, condizioni di mercato) per la light ha un costo di \u20ac.60,00+IVA, mentre per la Expertise la quota base d&#8217;ingaggio.<\/p>\n<p><strong>Come ricever\u00e0 la stima?<\/strong><br \/>\nIl documento verr\u00e0 spedito a casa via corriere, potr\u00e0 essere richiesto anche file pdf.<\/p>\n<p><strong>Voglio diventare un esperto EVE ci sono requisiti?<\/strong><br \/>\nPer essere un EVE bisogna frequentare il corso EVE di Federperiti e Ruoteclassiche e passare l&#8217;esame interno di fine corso e quello di certificazione.<\/p>\n","protected":false},"excerpt":{"rendered":"<p>F.A.Q. &nbsp; A cosa serve la perizia\/valutazione? La valutazione serve a certificare il corretto valore commerciale del veicolo, questo \u00e8 una valenza assicurativa (preassunzione, sinistri ecc) fiscale e legale. La perizia \u00e8 un certificato sull&#8217;originalit\u00e0 della vettura? No la valutazione non certifica l&#8217;originalit\u00e0 ma lo stato della vettura ed il suo valore Chi sono gli [&hellip;]<\/p>\n","protected":false},"author":3,"featured_media":0,"parent":0,"menu_order":0,"comment_status":"closed","ping_status":"closed","template":"","meta":{"footnotes":""},"class_list":["post-10749","page","type-page","status-publish","hentry"],"yoast_head":"<!-- This site is optimized with the Yoast SEO plugin v27.3 - https:\/\/yoast.com\/product\/yoast-seo-wordpress\/ -->\n<title>F.A.Q - Federperiti<\/title>\n<meta name=\"robots\" content=\"index, follow, max-snippet:-1, max-image-preview:large, max-video-preview:-1\" \/>\n<link rel=\"canonical\" href=\"https:\/\/www.federperiti.net\/?page_id=10749\" \/>\n<meta property=\"og:locale\" content=\"it_IT\" \/>\n<meta property=\"og:type\" content=\"article\" \/>\n<meta property=\"og:title\" content=\"F.A.Q - Federperiti\" \/>\n<meta property=\"og:description\" content=\"F.A.Q. &nbsp; A cosa serve la perizia\/valutazione? La valutazione serve a certificare il corretto valore commerciale del veicolo, questo \u00e8 una valenza assicurativa (preassunzione, sinistri ecc) fiscale e legale. La perizia \u00e8 un certificato sull&#8217;originalit\u00e0 della vettura? No la valutazione non certifica l&#8217;originalit\u00e0 ma lo stato della vettura ed il suo valore Chi sono gli [&hellip;]\" \/>\n<meta property=\"og:url\" content=\"https:\/\/www.federperiti.net\/?page_id=10749\" \/>\n<meta property=\"og:site_name\" content=\"Federperiti\" \/>\n<meta property=\"article:modified_time\" content=\"2026-02-17T10:30:18+00:00\" \/>\n<meta name=\"twitter:card\" content=\"summary_large_image\" \/>\n<meta name=\"twitter:label1\" content=\"Tempo di lettura stimato\" \/>\n\t<meta name=\"twitter:data1\" content=\"2 minuti\" \/>\n<script type=\"application\/ld+json\" class=\"yoast-schema-graph\">{\"@context\":\"https:\\\/\\\/schema.org\",\"@graph\":[{\"@type\":\"WebPage\",\"@id\":\"https:\\\/\\\/www.federperiti.net\\\/?page_id=10749\",\"url\":\"https:\\\/\\\/www.federperiti.net\\\/?page_id=10749\",\"name\":\"F.A.Q - Federperiti\",\"isPartOf\":{\"@id\":\"https:\\\/\\\/www.federperiti.net\\\/#website\"},\"datePublished\":\"2026-02-17T10:26:03+00:00\",\"dateModified\":\"2026-02-17T10:30:18+00:00\",\"breadcrumb\":{\"@id\":\"https:\\\/\\\/www.federperiti.net\\\/?page_id=10749#breadcrumb\"},\"inLanguage\":\"it-IT\",\"potentialAction\":[{\"@type\":\"ReadAction\",\"target\":[\"https:\\\/\\\/www.federperiti.net\\\/?page_id=10749\"]}]},{\"@type\":\"BreadcrumbList\",\"@id\":\"https:\\\/\\\/www.federperiti.net\\\/?page_id=10749#breadcrumb\",\"itemListElement\":[{\"@type\":\"ListItem\",\"position\":1,\"name\":\"Home\",\"item\":\"https:\\\/\\\/www.federperiti.net\\\/\"},{\"@type\":\"ListItem\",\"position\":2,\"name\":\"F.A.Q\"}]},{\"@type\":\"WebSite\",\"@id\":\"https:\\\/\\\/www.federperiti.net\\\/#website\",\"url\":\"https:\\\/\\\/www.federperiti.net\\\/\",\"name\":\"Federperiti\",\"description\":\"\",\"potentialAction\":[{\"@type\":\"SearchAction\",\"target\":{\"@type\":\"EntryPoint\",\"urlTemplate\":\"https:\\\/\\\/www.federperiti.net\\\/?s={search_term_string}\"},\"query-input\":{\"@type\":\"PropertyValueSpecification\",\"valueRequired\":true,\"valueName\":\"search_term_string\"}}],\"inLanguage\":\"it-IT\"}]}<\/script>\n<!-- \/ Yoast SEO plugin. -->","yoast_head_json":{"title":"F.A.Q - Federperiti","robots":{"index":"index","follow":"follow","max-snippet":"max-snippet:-1","max-image-preview":"max-image-preview:large","max-video-preview":"max-video-preview:-1"},"canonical":"https:\/\/www.federperiti.net\/?page_id=10749","og_locale":"it_IT","og_type":"article","og_title":"F.A.Q - Federperiti","og_description":"F.A.Q. &nbsp; A cosa serve la perizia\/valutazione? La valutazione serve a certificare il corretto valore commerciale del veicolo, questo \u00e8 una valenza assicurativa (preassunzione, sinistri ecc) fiscale e legale. La perizia \u00e8 un certificato sull&#8217;originalit\u00e0 della vettura? No la valutazione non certifica l&#8217;originalit\u00e0 ma lo stato della vettura ed il suo valore Chi sono gli [&hellip;]","og_url":"https:\/\/www.federperiti.net\/?page_id=10749","og_site_name":"Federperiti","article_modified_time":"2026-02-17T10:30:18+00:00","twitter_card":"summary_large_image","twitter_misc":{"Tempo di lettura stimato":"2 minuti"},"schema":{"@context":"https:\/\/schema.org","@graph":[{"@type":"WebPage","@id":"https:\/\/www.federperiti.net\/?page_id=10749","url":"https:\/\/www.federperiti.net\/?page_id=10749","name":"F.A.Q - Federperiti","isPartOf":{"@id":"https:\/\/www.federperiti.net\/#website"},"datePublished":"2026-02-17T10:26:03+00:00","dateModified":"2026-02-17T10:30:18+00:00","breadcrumb":{"@id":"https:\/\/www.federperiti.net\/?page_id=10749#breadcrumb"},"inLanguage":"it-IT","potentialAction":[{"@type":"ReadAction","target":["https:\/\/www.federperiti.net\/?page_id=10749"]}]},{"@type":"BreadcrumbList","@id":"https:\/\/www.federperiti.net\/?page_id=10749#breadcrumb","itemListElement":[{"@type":"ListItem","position":1,"name":"Home","item":"https:\/\/www.federperiti.net\/"},{"@type":"ListItem","position":2,"name":"F.A.Q"}]},{"@type":"WebSite","@id":"https:\/\/www.federperiti.net\/#website","url":"https:\/\/www.federperiti.net\/","name":"Federperiti","description":"","potentialAction":[{"@type":"SearchAction","target":{"@type":"EntryPoint","urlTemplate":"https:\/\/www.federperiti.net\/?s={search_term_string}"},"query-input":{"@type":"PropertyValueSpecification","valueRequired":true,"valueName":"search_term_string"}}],"inLanguage":"it-IT"}]}},"_links":{"self":[{"href":"https:\/\/www.federperiti.net\/index.php?rest_route=\/wp\/v2\/pages\/10749","targetHints":{"allow":["GET"]}}],"collection":[{"href":"https:\/\/www.federperiti.net\/index.php?rest_route=\/wp\/v2\/pages"}],"about":[{"href":"https:\/\/www.federperiti.net\/index.php?rest_route=\/wp\/v2\/types\/page"}],"author":[{"embeddable":true,"href":"https:\/\/www.federperiti.net\/index.php?rest_route=\/wp\/v2\/users\/3"}],"replies":[{"embeddable":true,"href":"https:\/\/www.federperiti.net\/index.php?rest_route=%2Fwp%2Fv2%2Fcomments&post=10749"}],"version-history":[{"count":8,"href":"https:\/\/www.federperiti.net\/index.php?rest_route=\/wp\/v2\/pages\/10749\/revisions"}],"predecessor-version":[{"id":10758,"href":"https:\/\/www.federperiti.net\/index.php?rest_route=\/wp\/v2\/pages\/10749\/revisions\/10758"}],"wp:attachment":[{"href":"https:\/\/www.federperiti.net\/index.php?rest_route=%2Fwp%2Fv2%2Fmedia&parent=10749"}],"curies":[{"name":"wp","href":"https:\/\/api.w.org\/{rel}","templated":true}]}}